{"id":884,"date":"2025-05-07T20:58:55","date_gmt":"2025-05-07T20:58:55","guid":{"rendered":"https:\/\/cpmz.co.mz\/noticias\/"},"modified":"2025-05-27T15:37:43","modified_gmt":"2025-05-27T15:37:43","slug":"news","status":"publish","type":"page","link":"https:\/\/cpmz.co.mz\/en\/news\/","title":{"rendered":"News"},"content":{"rendered":"\n\n<div  class=\"banner-title no-image\">\n        \n    <div class=\"banner-content\">\n        <h1>News<\/h1>\n    <\/div>\n<\/div>\n\n\n\n<div class=\"news-list-block\">\n    \n                    <div class=\"news-grid\">\n                                    <div class=\"news-item\">\n                        <a class=\"news-link\" href=\"https:\/\/cpmz.co.mz\/en\/news\/cpmz-a-key-partner-in-strengthening-strategic-alignment-in-the-beira-corridor-between-mozambique-and-zimbabwe\/\">\n                            <div class=\"news-image\">\n                                                                    <img loading=\"lazy\" decoding=\"async\" width=\"2372\" height=\"1498\" src=\"https:\/\/cpmz.co.mz\/wp-content\/uploads\/2026\/03\/WhatsApp-Image-2026-03-27-at-13.09.21-2.jpeg\" class=\"attachment-full size-full wp-post-image\" alt=\"\" srcset=\"https:\/\/cpmz.co.mz\/wp-content\/uploads\/2026\/03\/WhatsApp-Image-2026-03-27-at-13.09.21-2.jpeg 2372w, https:\/\/cpmz.co.mz\/wp-content\/uploads\/2026\/03\/WhatsApp-Image-2026-03-27-at-13.09.21-2-300x189.jpeg 300w, https:\/\/cpmz.co.mz\/wp-content\/uploads\/2026\/03\/WhatsApp-Image-2026-03-27-at-13.09.21-2-1024x647.jpeg 1024w, https:\/\/cpmz.co.mz\/wp-content\/uploads\/2026\/03\/WhatsApp-Image-2026-03-27-at-13.09.21-2-768x485.jpeg 768w, https:\/\/cpmz.co.mz\/wp-content\/uploads\/2026\/03\/WhatsApp-Image-2026-03-27-at-13.09.21-2-1536x970.jpeg 1536w, https:\/\/cpmz.co.mz\/wp-content\/uploads\/2026\/03\/WhatsApp-Image-2026-03-27-at-13.09.21-2-2048x1293.jpeg 2048w\" sizes=\"auto, (max-width: 2372px) 100vw, 2372px\" \/>                                                            <\/div>\n                            <div class=\"news-content\">\n                                <h3 class=\"news-title\">\n                                    CPMZ: A key partner in strengthening strategic alignment in the Beira Corridor between Mozambique and Zimbabwe                                <\/h3>\n                                <div class=\"news-excerpt\">\n                                    <p>On 25 March 2026, a bilateral meeting between Mozambique and Zimbabwe was held in the city of Beira, with delegations led by the Minister of Transport and Logistics of Mozambique, Jo\u00e3o Jorge Matlombe, and the Minister of Energy and Power Development of Zimbabwe, July Moyo.<\/p>\n                                <\/div>\n                            <\/div>\n                        <\/a>\n                    <\/div>\n                                    <div class=\"news-item\">\n                        <a class=\"news-link\" href=\"https:\/\/cpmz.co.mz\/en\/news\/cpmz-at-consulting-houses-business-breakfast-lisbon-30-september-2025\/\">\n                            <div class=\"news-image\">\n                                                                    <img loading=\"lazy\" decoding=\"async\" width=\"1299\" height=\"866\" src=\"https:\/\/cpmz.co.mz\/wp-content\/uploads\/2025\/10\/BusBreakfast1.webp\" class=\"attachment-full size-full wp-post-image\" alt=\"\" srcset=\"https:\/\/cpmz.co.mz\/wp-content\/uploads\/2025\/10\/BusBreakfast1.webp 1299w, https:\/\/cpmz.co.mz\/wp-content\/uploads\/2025\/10\/BusBreakfast1-300x200.webp 300w, https:\/\/cpmz.co.mz\/wp-content\/uploads\/2025\/10\/BusBreakfast1-1024x683.webp 1024w, https:\/\/cpmz.co.mz\/wp-content\/uploads\/2025\/10\/BusBreakfast1-768x512.webp 768w\" sizes=\"auto, (max-width: 1299px) 100vw, 1299px\" \/>                                                            <\/div>\n                            <div class=\"news-content\">\n                                <h3 class=\"news-title\">\n                                    CPMZ at Consulting House&#8217;s Business Breakfast \u2013 Lisbon, 30 September 2025                                <\/h3>\n                                <div class=\"news-excerpt\">\n                                    <p>CPMZ was the guest at Consulting House&#8217;s third Business Breakfast, held in Lisbon on 30 September 2025.<\/p>\n                                <\/div>\n                            <\/div>\n                        <\/a>\n                    <\/div>\n                                    <div class=\"news-item\">\n                        <a class=\"news-link\" href=\"https:\/\/cpmz.co.mz\/en\/news\/cpmz-convenes-key-stakeholders-for-strategic-beira-corridor-forum-in-dubai\/\">\n                            <div class=\"news-image\">\n                                                                    <img loading=\"lazy\" decoding=\"async\" width=\"1600\" height=\"1244\" src=\"https:\/\/cpmz.co.mz\/wp-content\/uploads\/2025\/07\/ForumStkH-10-2.webp\" class=\"attachment-full size-full wp-post-image\" alt=\"\" srcset=\"https:\/\/cpmz.co.mz\/wp-content\/uploads\/2025\/07\/ForumStkH-10-2.webp 1600w, https:\/\/cpmz.co.mz\/wp-content\/uploads\/2025\/07\/ForumStkH-10-2-300x233.webp 300w, https:\/\/cpmz.co.mz\/wp-content\/uploads\/2025\/07\/ForumStkH-10-2-1024x796.webp 1024w, https:\/\/cpmz.co.mz\/wp-content\/uploads\/2025\/07\/ForumStkH-10-2-768x597.webp 768w, https:\/\/cpmz.co.mz\/wp-content\/uploads\/2025\/07\/ForumStkH-10-2-1536x1194.webp 1536w\" sizes=\"auto, (max-width: 1600px) 100vw, 1600px\" \/>                                                            <\/div>\n                            <div class=\"news-content\">\n                                <h3 class=\"news-title\">\n                                    CPMZ Convenes Key Stakeholders for Strategic Beira Corridor Forum in Dubai                                <\/h3>\n                                <div class=\"news-excerpt\">\n                                    <p>Companhia do Pipeline Mo\u00e7ambique-Zimbabwe Limitada (CPMZ) is pleased to announce the successful hosting of the Beira Corridor Stakeholder Forum, which took place on 10th June 2025 in Dubai.<\/p>\n                                <\/div>\n                            <\/div>\n                        <\/a>\n                    <\/div>\n                                    <div class=\"news-item\">\n                        <a class=\"news-link\" href=\"https:\/\/cpmz.co.mz\/en\/news\/beira-corridor-stakeholder-forum\/\">\n                            <div class=\"news-image\">\n                                                                    <img loading=\"lazy\" decoding=\"async\" width=\"1024\" height=\"749\" src=\"https:\/\/cpmz.co.mz\/wp-content\/uploads\/2025\/05\/imagemDubaiInvitation.webp\" class=\"attachment-full size-full wp-post-image\" alt=\"\" srcset=\"https:\/\/cpmz.co.mz\/wp-content\/uploads\/2025\/05\/imagemDubaiInvitation.webp 1024w, https:\/\/cpmz.co.mz\/wp-content\/uploads\/2025\/05\/imagemDubaiInvitation-300x219.webp 300w, https:\/\/cpmz.co.mz\/wp-content\/uploads\/2025\/05\/imagemDubaiInvitation-768x562.webp 768w\" sizes=\"auto, (max-width: 1024px) 100vw, 1024px\" \/>                                                            <\/div>\n                            <div class=\"news-content\">\n                                <h3 class=\"news-title\">\n                                    Beira Corridor Stakeholder Forum                                <\/h3>\n                                <div class=\"news-excerpt\">\n                                    <p>Join us for an engaging forum hosted by Companhia do Pipeline Mo\u00e7ambique-Zimbabwe Limitada (CPMZ),<br \/>\nwhere we\u2019ll dive into the latest developments and planned investments in the Beira corridor.<\/p>\n                                <\/div>\n                            <\/div>\n                        <\/a>\n                    <\/div>\n                                    <div class=\"news-item\">\n                        <a class=\"news-link\" href=\"https:\/\/cpmz.co.mz\/en\/news\/inaugura\/\">\n                            <div class=\"news-image\">\n                                                                    <img loading=\"lazy\" decoding=\"async\" width=\"1600\" height=\"1244\" src=\"https:\/\/cpmz.co.mz\/wp-content\/uploads\/2025\/04\/Foto-2.webp\" class=\"attachment-full size-full wp-post-image\" alt=\"\" srcset=\"https:\/\/cpmz.co.mz\/wp-content\/uploads\/2025\/04\/Foto-2.webp 1600w, https:\/\/cpmz.co.mz\/wp-content\/uploads\/2025\/04\/Foto-2-300x233.webp 300w, https:\/\/cpmz.co.mz\/wp-content\/uploads\/2025\/04\/Foto-2-1024x796.webp 1024w, https:\/\/cpmz.co.mz\/wp-content\/uploads\/2025\/04\/Foto-2-768x597.webp 768w, https:\/\/cpmz.co.mz\/wp-content\/uploads\/2025\/04\/Foto-2-1536x1194.webp 1536w\" sizes=\"auto, (max-width: 1600px) 100vw, 1600px\" \/>                                                            <\/div>\n                            <div class=\"news-content\">\n                                <h3 class=\"news-title\">\n                                    Inauguration of CPMZ\u2019s capacity increase from two to three million m\u00b3                                <\/h3>\n                                <div class=\"news-excerpt\">\n                                    <p>His Excellency Mr. Filipe Jacinto Nyusi, the President of the Republic of Mozambique, inaugurated this Thursday, August 29, 2024, at the Port of Beira, the two new platforms built by Companhia do Pipeline Mo\u00e7ambique-Zimbabwe (CPMZ), one in Beira (Sofala) and another in Maforga (Manica). <\/p>\n                                <\/div>\n                            <\/div>\n                        <\/a>\n                    <\/div>\n                                    <div class=\"news-item\">\n                        <a class=\"news-link\" href=\"https:\/\/cpmz.co.mz\/en\/news\/a-capacidade-instalada-da-cpmz-aumenta-em-quase-50\/\">\n                            <div class=\"news-image\">\n                                                                    <img loading=\"lazy\" decoding=\"async\" width=\"1778\" height=\"1041\" src=\"https:\/\/cpmz.co.mz\/wp-content\/uploads\/2025\/04\/CPMZPressNewPumpsPic.webp\" class=\"attachment-full size-full wp-post-image\" alt=\"\" srcset=\"https:\/\/cpmz.co.mz\/wp-content\/uploads\/2025\/04\/CPMZPressNewPumpsPic.webp 1778w, https:\/\/cpmz.co.mz\/wp-content\/uploads\/2025\/04\/CPMZPressNewPumpsPic-300x176.webp 300w, https:\/\/cpmz.co.mz\/wp-content\/uploads\/2025\/04\/CPMZPressNewPumpsPic-1024x600.webp 1024w, https:\/\/cpmz.co.mz\/wp-content\/uploads\/2025\/04\/CPMZPressNewPumpsPic-768x450.webp 768w, https:\/\/cpmz.co.mz\/wp-content\/uploads\/2025\/04\/CPMZPressNewPumpsPic-1536x899.webp 1536w\" sizes=\"auto, (max-width: 1778px) 100vw, 1778px\" \/>                                                            <\/div>\n                            <div class=\"news-content\">\n                                <h3 class=\"news-title\">\n                                    CPMZ\u2019s installed capacity increases by almost 50%                                <\/h3>\n                                <div class=\"news-excerpt\">\n                                    <p>The construction of the new pumping platforms, begun in 2020, has been successfully completed and, since 1 January 2024, as planned, CPMZ has been at an advanced commissioning and integration testing phase with the oil terminals at Beira port.<\/p>\n                                <\/div>\n                            <\/div>\n                        <\/a>\n                    <\/div>\n                                    <div class=\"news-item\">\n                        <a class=\"news-link\" href=\"https:\/\/cpmz.co.mz\/en\/news\/cpmz-e-governo-do-zimbabwe-formalizam-projecto-cobalt\/\">\n                            <div class=\"news-image\">\n                                                                    <img loading=\"lazy\" decoding=\"async\" width=\"2560\" height=\"1181\" src=\"https:\/\/cpmz.co.mz\/wp-content\/uploads\/2025\/05\/InfoGraf3-scaled.webp\" class=\"attachment-full size-full wp-post-image\" alt=\"\" srcset=\"https:\/\/cpmz.co.mz\/wp-content\/uploads\/2025\/05\/InfoGraf3-scaled.webp 2560w, https:\/\/cpmz.co.mz\/wp-content\/uploads\/2025\/05\/InfoGraf3-300x138.webp 300w, https:\/\/cpmz.co.mz\/wp-content\/uploads\/2025\/05\/InfoGraf3-1024x473.webp 1024w, https:\/\/cpmz.co.mz\/wp-content\/uploads\/2025\/05\/InfoGraf3-768x354.webp 768w, https:\/\/cpmz.co.mz\/wp-content\/uploads\/2025\/05\/InfoGraf3-1536x709.webp 1536w, https:\/\/cpmz.co.mz\/wp-content\/uploads\/2025\/05\/InfoGraf3-2048x945.webp 2048w\" sizes=\"auto, (max-width: 2560px) 100vw, 2560px\" \/>                                                            <\/div>\n                            <div class=\"news-content\">\n                                <h3 class=\"news-title\">\n                                    CPMZ and Zimbabwe government formalise Project Cobalt                                <\/h3>\n                                <div class=\"news-excerpt\">\n                                    <p>O Memorando de Entendimento foi assinado a 3 de Dezembro de 2021, na Beira, com o objectivo de evoluir Harare como plataforma preferencial de distribui\u00e7\u00e3o de combust\u00edveis para o interior da \u00c1frica Austral.\u00a0<\/p>\n                                <\/div>\n                            <\/div>\n                        <\/a>\n                    <\/div>\n                                    <div class=\"news-item\">\n                        <a class=\"news-link\" href=\"https:\/\/cpmz.co.mz\/en\/news\/novas-estacoes-de-bombagem-operacionais-em-junho-2022\/\">\n                            <div class=\"news-image\">\n                                                                    <img loading=\"lazy\" decoding=\"async\" width=\"975\" height=\"605\" src=\"https:\/\/cpmz.co.mz\/wp-content\/uploads\/2025\/04\/estacoes-bombagem-operacionais.webp\" class=\"attachment-full size-full wp-post-image\" alt=\"\" srcset=\"https:\/\/cpmz.co.mz\/wp-content\/uploads\/2025\/04\/estacoes-bombagem-operacionais.webp 975w, https:\/\/cpmz.co.mz\/wp-content\/uploads\/2025\/04\/estacoes-bombagem-operacionais-300x186.webp 300w, https:\/\/cpmz.co.mz\/wp-content\/uploads\/2025\/04\/estacoes-bombagem-operacionais-768x477.webp 768w\" sizes=\"auto, (max-width: 975px) 100vw, 975px\" \/>                                                            <\/div>\n                            <div class=\"news-content\">\n                                <h3 class=\"news-title\">\n                                    New pumping stations operational in 2023                                <\/h3>\n                                <div class=\"news-excerpt\">\n                                    <p>The modernisation of the Beira and Maforga (Manica) pump stations will enable a 50% increase in pipeline capacity. This initiative is one of the key steps to implementing the ambitious pipeline expansion project that is currently underway.<\/p>\n                                <\/div>\n                            <\/div>\n                        <\/a>\n                    <\/div>\n                            <\/div>\n                    \n<\/div>\n\n\n<div id=\"documents-block_a816c385ac2e85414d2594781d6425d6\" class=\"documents-block\">\n            <h2 class=\"documents-section-title\">Documents<\/h2>\n        \n    <div class=\"documents-content\">\n        <div class=\"documents-image\">\n                            <img loading=\"lazy\" decoding=\"async\" width=\"212\" height=\"300\" src=\"https:\/\/cpmz.co.mz\/wp-content\/uploads\/2025\/05\/capaCPMZinstBrch-II-ENG-212x300.png\" class=\"documents-img\" alt=\"\" srcset=\"https:\/\/cpmz.co.mz\/wp-content\/uploads\/2025\/05\/capaCPMZinstBrch-II-ENG-212x300.png 212w, https:\/\/cpmz.co.mz\/wp-content\/uploads\/2025\/05\/capaCPMZinstBrch-II-ENG-724x1024.png 724w, https:\/\/cpmz.co.mz\/wp-content\/uploads\/2025\/05\/capaCPMZinstBrch-II-ENG-768x1086.png 768w, https:\/\/cpmz.co.mz\/wp-content\/uploads\/2025\/05\/capaCPMZinstBrch-II-ENG-1086x1536.png 1086w, https:\/\/cpmz.co.mz\/wp-content\/uploads\/2025\/05\/capaCPMZinstBrch-II-ENG-1448x2048.png 1448w, https:\/\/cpmz.co.mz\/wp-content\/uploads\/2025\/05\/capaCPMZinstBrch-II-ENG.png 1754w\" sizes=\"auto, (max-width: 212px) 100vw, 212px\" \/>                    <\/div>\n        \n        <div class=\"documents-text\">\n                            <h3 class=\"documents-title\">CPMZ Brochure<\/h3>\n                        \n                            <p class=\"documents-description\">Access our activity brochure and learn more about the origins, operations and purpose of CPMZ.<\/p>\n                        \n                            <a href=\"https:\/\/cpmz.co.mz\/wp-content\/uploads\/2025\/05\/CPMZInstitutionalBrochureENG.pdf\" class=\"cta-link\" target=\"_blank\">Download<\/a>\n                    <\/div>\n    <\/div>\n<\/div>\n\n\n\n<p><\/p>\n","protected":false},"excerpt":{"rendered":"","protected":false},"author":1,"featured_media":0,"parent":0,"menu_order":0,"comment_status":"closed","ping_status":"closed","template":"","meta":{"_acf_changed":false,"footnotes":""},"class_list":["post-884","page","type-page","status-publish","hentry"],"acf":[],"_links":{"self":[{"href":"https:\/\/cpmz.co.mz\/en\/wp-json\/wp\/v2\/pages\/884","targetHints":{"allow":["GET"]}}],"collection":[{"href":"https:\/\/cpmz.co.mz\/en\/wp-json\/wp\/v2\/pages"}],"about":[{"href":"https:\/\/cpmz.co.mz\/en\/wp-json\/wp\/v2\/types\/page"}],"author":[{"embeddable":true,"href":"https:\/\/cpmz.co.mz\/en\/wp-json\/wp\/v2\/users\/1"}],"replies":[{"embeddable":true,"href":"https:\/\/cpmz.co.mz\/en\/wp-json\/wp\/v2\/comments?post=884"}],"version-history":[{"count":5,"href":"https:\/\/cpmz.co.mz\/en\/wp-json\/wp\/v2\/pages\/884\/revisions"}],"predecessor-version":[{"id":1031,"href":"https:\/\/cpmz.co.mz\/en\/wp-json\/wp\/v2\/pages\/884\/revisions\/1031"}],"wp:attachment":[{"href":"https:\/\/cpmz.co.mz\/en\/wp-json\/wp\/v2\/media?parent=884"}],"curies":[{"name":"wp","href":"https:\/\/api.w.org\/{rel}","templated":true}]}}